{"id":8679,"date":"2022-06-14T10:25:53","date_gmt":"2022-06-14T10:25:53","guid":{"rendered":"https:\/\/gaindustri.se\/?page_id=8679"},"modified":"2022-08-21T21:56:13","modified_gmt":"2022-08-21T21:56:13","slug":"alumiini","status":"publish","type":"page","link":"https:\/\/gaindustri.se\/fi\/alumiini\/","title":{"rendered":"Alumiini"},"content":{"rendered":"<div class=\"wpb-content-wrapper\"><p>[vc_row full_width=&#8221;stretch_row_content_no_spaces&#8221; css=&#8221;.vc_custom_1655321381095{margin-top: -40px !important;background-image: url(https:\/\/gaindustri.se\/wp-content\/uploads\/2022\/06\/Lager-7-1.jpg?id=7642) !important;background-position: center !important;background-repeat: no-repeat !important;background-size: cover !important;}&#8221; woodmart_css_id=&#8221;62aa33138826c&#8221; responsive_spacing=&#8221;eyJwYXJhbV90eXBlIjoid29vZG1hcnRfcmVzcG9uc2l2ZV9zcGFjaW5nIiwic2VsZWN0b3JfaWQiOiI2MmFhMzMxMzg4MjZjIiwic2hvcnRjb2RlIjoidmNfcm93IiwiZGF0YSI6eyJ0YWJsZXQiOnt9LCJtb2JpbGUiOnt9fX0=&#8221; mobile_bg_img_hidden=&#8221;no&#8221; tablet_bg_img_hidden=&#8221;no&#8221; woodmart_parallax=&#8221;0&#8243; woodmart_gradient_switch=&#8221;no&#8221; woodmart_box_shadow=&#8221;no&#8221; wd_z_index=&#8221;no&#8221; woodmart_disable_overflow=&#8221;0&#8243; row_reverse_mobile=&#8221;0&#8243; row_reverse_tablet=&#8221;0&#8243;][vc_column css=&#8221;.vc_custom_1655321392685{padding-top: 275px !important;padding-bottom: 275px !important;}&#8221; woodmart_css_id=&#8221;62aa332b2a4e8&#8243; parallax_scroll=&#8221;no&#8221; woodmart_sticky_column=&#8221;false&#8221; wd_collapsible_content_switcher=&#8221;no&#8221; wd_column_role_offcanvas_desktop=&#8221;no&#8221; wd_column_role_offcanvas_tablet=&#8221;no&#8221; wd_column_role_offcanvas_mobile=&#8221;no&#8221; wd_column_role_content_desktop=&#8221;no&#8221; wd_column_role_content_tablet=&#8221;no&#8221; wd_column_role_content_mobile=&#8221;no&#8221; mobile_bg_img_hidden=&#8221;no&#8221; tablet_bg_img_hidden=&#8221;no&#8221; woodmart_parallax=&#8221;0&#8243; woodmart_box_shadow=&#8221;no&#8221; responsive_spacing=&#8221;eyJwYXJhbV90eXBlIjoid29vZG1hcnRfcmVzcG9uc2l2ZV9zcGFjaW5nIiwic2VsZWN0b3JfaWQiOiI2MmFhMzMyYjJhNGU4Iiwic2hvcnRjb2RlIjoidmNfY29sdW1uIiwiZGF0YSI6eyJ0YWJsZXQiOnt9LCJtb2JpbGUiOnt9fX0=&#8221; mobile_reset_margin=&#8221;no&#8221; tablet_reset_margin=&#8221;no&#8221; wd_z_index=&#8221;no&#8221; offset=&#8221;vc_hidden-sm vc_hidden-xs&#8221;][\/vc_column][\/vc_row][vc_row full_width=&#8221;stretch_row_content_no_spaces&#8221; woodmart_css_id=&#8221;62a72fead291f&#8221; responsive_spacing=&#8221;eyJwYXJhbV90eXBlIjoid29vZG1hcnRfcmVzcG9uc2l2ZV9zcGFjaW5nIiwic2VsZWN0b3JfaWQiOiI2MmE3MmZlYWQyOTFmIiwic2hvcnRjb2RlIjoidmNfcm93IiwiZGF0YSI6eyJ0YWJsZXQiOnt9LCJtb2JpbGUiOnt9fX0=&#8221; mobile_bg_img_hidden=&#8221;no&#8221; tablet_bg_img_hidden=&#8221;no&#8221; woodmart_parallax=&#8221;0&#8243; woodmart_gradient_switch=&#8221;no&#8221; woodmart_box_shadow=&#8221;no&#8221; wd_z_index=&#8221;no&#8221; woodmart_disable_overflow=&#8221;0&#8243; row_reverse_mobile=&#8221;0&#8243; row_reverse_tablet=&#8221;0&#8243; css=&#8221;.vc_custom_1655123951627{margin-top: 0px !important;padding-top: 0px !important;}&#8221;][vc_column offset=&#8221;vc_hidden-lg vc_hidden-md&#8221; woodmart_css_id=&#8221;62a7300427911&#8243; parallax_scroll=&#8221;no&#8221; woodmart_sticky_column=&#8221;false&#8221; wd_collapsible_content_switcher=&#8221;no&#8221; wd_column_role_offcanvas_desktop=&#8221;no&#8221; wd_column_role_offcanvas_tablet=&#8221;no&#8221; wd_column_role_offcanvas_mobile=&#8221;no&#8221; wd_column_role_content_desktop=&#8221;no&#8221; wd_column_role_content_tablet=&#8221;no&#8221; wd_column_role_content_mobile=&#8221;no&#8221; mobile_bg_img_hidden=&#8221;no&#8221; tablet_bg_img_hidden=&#8221;no&#8221; woodmart_parallax=&#8221;0&#8243; woodmart_box_shadow=&#8221;no&#8221; responsive_spacing=&#8221;eyJwYXJhbV90eXBlIjoid29vZG1hcnRfcmVzcG9uc2l2ZV9zcGFjaW5nIiwic2VsZWN0b3JfaWQiOiI2MmE3MzAwNDI3OTExIiwic2hvcnRjb2RlIjoidmNfY29sdW1uIiwiZGF0YSI6eyJ0YWJsZXQiOnt9LCJtb2JpbGUiOnt9fX0=&#8221; mobile_reset_margin=&#8221;no&#8221; tablet_reset_margin=&#8221;no&#8221; wd_z_index=&#8221;no&#8221; css=&#8221;.vc_custom_1655123988174{margin-top: -40px !important;}&#8221;][vc_single_image image=&#8221;7687&#8243; img_size=&#8221;full&#8221; parallax_scroll=&#8221;no&#8221; woodmart_inline=&#8221;no&#8221;][\/vc_column][\/vc_row][vc_row woodmart_css_id=&#8221;62a85c1c7e4b2&#8243; responsive_spacing=&#8221;eyJwYXJhbV90eXBlIjoid29vZG1hcnRfcmVzcG9uc2l2ZV9zcGFjaW5nIiwic2VsZWN0b3JfaWQiOiI2MmE4NWMxYzdlNGIyIiwic2hvcnRjb2RlIjoidmNfcm93IiwiZGF0YSI6eyJ0YWJsZXQiOnt9LCJtb2JpbGUiOnt9fX0=&#8221; mobile_bg_img_hidden=&#8221;no&#8221; tablet_bg_img_hidden=&#8221;no&#8221; woodmart_parallax=&#8221;0&#8243; woodmart_gradient_switch=&#8221;no&#8221; woodmart_box_shadow=&#8221;no&#8221; wd_z_index=&#8221;no&#8221; woodmart_disable_overflow=&#8221;0&#8243; row_reverse_mobile=&#8221;0&#8243; row_reverse_tablet=&#8221;0&#8243;][vc_column][vc_empty_space height=&#8221;50px&#8221; woodmart_hide_large=&#8221;0&#8243; woodmart_hide_medium=&#8221;1&#8243; woodmart_hide_small=&#8221;1&#8243;][vc_column_text woodmart_inline=&#8221;no&#8221; text_larger=&#8221;no&#8221;]<\/p>\n<h1>Alumiini<\/h1>\n<p>Vuodesta 2018 alkaen GA on varastoinut my\u00f6s alumiinilevyj\u00e4.<\/p>\n<p>Alumiinia on saatavana useita eri laatuluokkia, joista GA on valinnut varastoitavaksi 1050-H14 arkkeja.<\/p>\n<p>Kysy lis\u00e4\u00e4 myyj\u00e4lt\u00e4si.[\/vc_column_text][\/vc_column][\/vc_row]<\/p>\n<\/div>","protected":false},"excerpt":{"rendered":"<p>[vc_row full_width=&#8221;stretch_row_content_no_spaces&#8221; css=&#8221;.vc_custom_1655321381095{margin-top: -40px !important;background-image: url(https:\/\/gaindustri.se\/wp-content\/uploads\/2022\/06\/Lager-7-1.jpg?id=7642) !important;background-position: center !important;background-repeat: no-repeat !important;background-size: cover !important;}&#8221; woodmart_css_id=&#8221;62aa33138826c&#8221; responsive_spacing=&#8221;eyJwYXJhbV90eXBlIjoid29vZG1hcnRfcmVzcG9uc2l2ZV9zcGFjaW5nIiwic2VsZWN0b3JfaWQiOiI2MmFhMzMxMzg4MjZjIiwic2hvcnRjb2RlIjoidmNfcm93IiwiZGF0YSI6eyJ0YWJsZXQiOnt9LCJtb2JpbGUiOnt9fX0=&#8221; mobile_bg_img_hidden=&#8221;no&#8221; tablet_bg_img_hidden=&#8221;no&#8221; woodmart_parallax=&#8221;0&#8243; woodmart_gradient_switch=&#8221;no&#8221; woodmart_box_shadow=&#8221;no&#8221;<\/p>\n","protected":false},"author":1,"featured_media":0,"parent":0,"menu_order":0,"comment_status":"closed","ping_status":"closed","template":"","meta":{"iawp_total_views":33,"footnotes":""},"class_list":["post-8679","page","type-page","status-publish","hentry"],"yoast_head":"<!-- This site is optimized with the Yoast SEO plugin v26.7 - https:\/\/yoast.com\/wordpress\/plugins\/seo\/ -->\n<title>Alumiini - GA Industri AB<\/title>\n<meta name=\"robots\" content=\"index, follow, max-snippet:-1, max-image-preview:large, max-video-preview:-1\" \/>\n<link rel=\"canonical\" href=\"https:\/\/gaindustri.se\/fi\/alumiini\/\" \/>\n<meta property=\"og:locale\" content=\"fi_FI\" \/>\n<meta property=\"og:type\" content=\"article\" \/>\n<meta property=\"og:title\" content=\"Alumiini - GA Industri AB\" \/>\n<meta property=\"og:description\" content=\"[vc_row full_width=&#8221;stretch_row_content_no_spaces&#8221; css=&#8221;.vc_custom_1655321381095{margin-top: -40px !important;background-image: url(https:\/\/gaindustri.se\/wp-content\/uploads\/2022\/06\/Lager-7-1.jpg?id=7642) !important;background-position: center !important;background-repeat: no-repeat !important;background-size: cover !important;}&#8221; woodmart_css_id=&#8221;62aa33138826c&#8221; responsive_spacing=&#8221;eyJwYXJhbV90eXBlIjoid29vZG1hcnRfcmVzcG9uc2l2ZV9zcGFjaW5nIiwic2VsZWN0b3JfaWQiOiI2MmFhMzMxMzg4MjZjIiwic2hvcnRjb2RlIjoidmNfcm93IiwiZGF0YSI6eyJ0YWJsZXQiOnt9LCJtb2JpbGUiOnt9fX0=&#8221; mobile_bg_img_hidden=&#8221;no&#8221; tablet_bg_img_hidden=&#8221;no&#8221; woodmart_parallax=&#8221;0&#8243; woodmart_gradient_switch=&#8221;no&#8221; woodmart_box_shadow=&#8221;no&#8221;\" \/>\n<meta property=\"og:url\" content=\"https:\/\/gaindustri.se\/fi\/alumiini\/\" \/>\n<meta property=\"og:site_name\" content=\"GA Industri AB\" \/>\n<meta property=\"article:publisher\" content=\"https:\/\/www.facebook.com\/GAindustri\/\" \/>\n<meta property=\"article:modified_time\" content=\"2022-08-21T21:56:13+00:00\" \/>\n<meta name=\"twitter:card\" content=\"summary_large_image\" \/>\n<meta name=\"twitter:label1\" content=\"Arvioitu lukuaika\" \/>\n\t<meta name=\"twitter:data1\" content=\"3 minuuttia\" \/>\n<script type=\"application\/ld+json\" class=\"yoast-schema-graph\">{\"@context\":\"https:\/\/schema.org\",\"@graph\":[{\"@type\":\"WebPage\",\"@id\":\"https:\/\/gaindustri.se\/fi\/alumiini\/\",\"url\":\"https:\/\/gaindustri.se\/fi\/alumiini\/\",\"name\":\"Alumiini - GA Industri AB\",\"isPartOf\":{\"@id\":\"https:\/\/gaindustri.se\/#website\"},\"datePublished\":\"2022-06-14T10:25:53+00:00\",\"dateModified\":\"2022-08-21T21:56:13+00:00\",\"breadcrumb\":{\"@id\":\"https:\/\/gaindustri.se\/fi\/alumiini\/#breadcrumb\"},\"inLanguage\":\"fi\",\"potentialAction\":[{\"@type\":\"ReadAction\",\"target\":[\"https:\/\/gaindustri.se\/fi\/alumiini\/\"]}]},{\"@type\":\"BreadcrumbList\",\"@id\":\"https:\/\/gaindustri.se\/fi\/alumiini\/#breadcrumb\",\"itemListElement\":[{\"@type\":\"ListItem\",\"position\":1,\"name\":\"Hem\",\"item\":\"https:\/\/gaindustri.se\/fi\/?page_id=9518\"},{\"@type\":\"ListItem\",\"position\":2,\"name\":\"Alumiini\"}]},{\"@type\":\"WebSite\",\"@id\":\"https:\/\/gaindustri.se\/#website\",\"url\":\"https:\/\/gaindustri.se\/\",\"name\":\"GA Industri AB\",\"description\":\"F\u00f6rser tillverkningsindustrin med tunnpl\u00e5t\",\"publisher\":{\"@id\":\"https:\/\/gaindustri.se\/#organization\"},\"potentialAction\":[{\"@type\":\"SearchAction\",\"target\":{\"@type\":\"EntryPoint\",\"urlTemplate\":\"https:\/\/gaindustri.se\/?s={search_term_string}\"},\"query-input\":{\"@type\":\"PropertyValueSpecification\",\"valueRequired\":true,\"valueName\":\"search_term_string\"}}],\"inLanguage\":\"fi\"},{\"@type\":\"Organization\",\"@id\":\"https:\/\/gaindustri.se\/#organization\",\"name\":\"GA Industri AB\",\"url\":\"https:\/\/gaindustri.se\/\",\"logo\":{\"@type\":\"ImageObject\",\"inLanguage\":\"fi\",\"@id\":\"https:\/\/gaindustri.se\/#\/schema\/logo\/image\/\",\"url\":\"https:\/\/gaindustri.se\/wp-content\/uploads\/2022\/09\/galogo.jpg\",\"contentUrl\":\"https:\/\/gaindustri.se\/wp-content\/uploads\/2022\/09\/galogo.jpg\",\"width\":768,\"height\":768,\"caption\":\"GA Industri AB\"},\"image\":{\"@id\":\"https:\/\/gaindustri.se\/#\/schema\/logo\/image\/\"},\"sameAs\":[\"https:\/\/www.facebook.com\/GAindustri\/\"]}]}<\/script>\n<!-- \/ Yoast SEO plugin. -->","yoast_head_json":{"title":"Alumiini - GA Industri AB","robots":{"index":"index","follow":"follow","max-snippet":"max-snippet:-1","max-image-preview":"max-image-preview:large","max-video-preview":"max-video-preview:-1"},"canonical":"https:\/\/gaindustri.se\/fi\/alumiini\/","og_locale":"fi_FI","og_type":"article","og_title":"Alumiini - GA Industri AB","og_description":"[vc_row full_width=&#8221;stretch_row_content_no_spaces&#8221; css=&#8221;.vc_custom_1655321381095{margin-top: -40px !important;background-image: url(https:\/\/gaindustri.se\/wp-content\/uploads\/2022\/06\/Lager-7-1.jpg?id=7642) !important;background-position: center !important;background-repeat: no-repeat !important;background-size: cover !important;}&#8221; woodmart_css_id=&#8221;62aa33138826c&#8221; responsive_spacing=&#8221;eyJwYXJhbV90eXBlIjoid29vZG1hcnRfcmVzcG9uc2l2ZV9zcGFjaW5nIiwic2VsZWN0b3JfaWQiOiI2MmFhMzMxMzg4MjZjIiwic2hvcnRjb2RlIjoidmNfcm93IiwiZGF0YSI6eyJ0YWJsZXQiOnt9LCJtb2JpbGUiOnt9fX0=&#8221; mobile_bg_img_hidden=&#8221;no&#8221; tablet_bg_img_hidden=&#8221;no&#8221; woodmart_parallax=&#8221;0&#8243; woodmart_gradient_switch=&#8221;no&#8221; woodmart_box_shadow=&#8221;no&#8221;","og_url":"https:\/\/gaindustri.se\/fi\/alumiini\/","og_site_name":"GA Industri AB","article_publisher":"https:\/\/www.facebook.com\/GAindustri\/","article_modified_time":"2022-08-21T21:56:13+00:00","twitter_card":"summary_large_image","twitter_misc":{"Arvioitu lukuaika":"3 minuuttia"},"schema":{"@context":"https:\/\/schema.org","@graph":[{"@type":"WebPage","@id":"https:\/\/gaindustri.se\/fi\/alumiini\/","url":"https:\/\/gaindustri.se\/fi\/alumiini\/","name":"Alumiini - GA Industri AB","isPartOf":{"@id":"https:\/\/gaindustri.se\/#website"},"datePublished":"2022-06-14T10:25:53+00:00","dateModified":"2022-08-21T21:56:13+00:00","breadcrumb":{"@id":"https:\/\/gaindustri.se\/fi\/alumiini\/#breadcrumb"},"inLanguage":"fi","potentialAction":[{"@type":"ReadAction","target":["https:\/\/gaindustri.se\/fi\/alumiini\/"]}]},{"@type":"BreadcrumbList","@id":"https:\/\/gaindustri.se\/fi\/alumiini\/#breadcrumb","itemListElement":[{"@type":"ListItem","position":1,"name":"Hem","item":"https:\/\/gaindustri.se\/fi\/?page_id=9518"},{"@type":"ListItem","position":2,"name":"Alumiini"}]},{"@type":"WebSite","@id":"https:\/\/gaindustri.se\/#website","url":"https:\/\/gaindustri.se\/","name":"GA Industri AB","description":"F\u00f6rser tillverkningsindustrin med tunnpl\u00e5t","publisher":{"@id":"https:\/\/gaindustri.se\/#organization"},"potentialAction":[{"@type":"SearchAction","target":{"@type":"EntryPoint","urlTemplate":"https:\/\/gaindustri.se\/?s={search_term_string}"},"query-input":{"@type":"PropertyValueSpecification","valueRequired":true,"valueName":"search_term_string"}}],"inLanguage":"fi"},{"@type":"Organization","@id":"https:\/\/gaindustri.se\/#organization","name":"GA Industri AB","url":"https:\/\/gaindustri.se\/","logo":{"@type":"ImageObject","inLanguage":"fi","@id":"https:\/\/gaindustri.se\/#\/schema\/logo\/image\/","url":"https:\/\/gaindustri.se\/wp-content\/uploads\/2022\/09\/galogo.jpg","contentUrl":"https:\/\/gaindustri.se\/wp-content\/uploads\/2022\/09\/galogo.jpg","width":768,"height":768,"caption":"GA Industri AB"},"image":{"@id":"https:\/\/gaindustri.se\/#\/schema\/logo\/image\/"},"sameAs":["https:\/\/www.facebook.com\/GAindustri\/"]}]}},"_links":{"self":[{"href":"https:\/\/gaindustri.se\/fi\/wp-json\/wp\/v2\/pages\/8679","targetHints":{"allow":["GET"]}}],"collection":[{"href":"https:\/\/gaindustri.se\/fi\/wp-json\/wp\/v2\/pages"}],"about":[{"href":"https:\/\/gaindustri.se\/fi\/wp-json\/wp\/v2\/types\/page"}],"author":[{"embeddable":true,"href":"https:\/\/gaindustri.se\/fi\/wp-json\/wp\/v2\/users\/1"}],"replies":[{"embeddable":true,"href":"https:\/\/gaindustri.se\/fi\/wp-json\/wp\/v2\/comments?post=8679"}],"version-history":[{"count":0,"href":"https:\/\/gaindustri.se\/fi\/wp-json\/wp\/v2\/pages\/8679\/revisions"}],"wp:attachment":[{"href":"https:\/\/gaindustri.se\/fi\/wp-json\/wp\/v2\/media?parent=8679"}],"curies":[{"name":"wp","href":"https:\/\/api.w.org\/{rel}","templated":true}]}}