{"id":8707,"date":"2022-06-14T10:11:26","date_gmt":"2022-06-14T10:11:26","guid":{"rendered":"https:\/\/gaindustri.se\/?page_id=8707"},"modified":"2022-08-28T15:10:38","modified_gmt":"2022-08-28T15:10:38","slug":"ymagine","status":"publish","type":"page","link":"https:\/\/gaindustri.se\/fi\/ymagine\/","title":{"rendered":"Ymagine"},"content":{"rendered":"<div class=\"wpb-content-wrapper\"><p>[vc_row full_width=&#8221;stretch_row_content_no_spaces&#8221; css=&#8221;.vc_custom_1655322171041{margin-top: -40px !important;background-image: url(https:\/\/gaindustri.se\/wp-content\/uploads\/2022\/06\/huvudbild_ymagine.jpg?id=7662) !important;background-position: center !important;background-repeat: no-repeat !important;background-size: cover !important;}&#8221; woodmart_css_id=&#8221;62aa3638b5a87&#8243; responsive_spacing=&#8221;eyJwYXJhbV90eXBlIjoid29vZG1hcnRfcmVzcG9uc2l2ZV9zcGFjaW5nIiwic2VsZWN0b3JfaWQiOiI2MmFhMzYzOGI1YTg3Iiwic2hvcnRjb2RlIjoidmNfcm93IiwiZGF0YSI6eyJ0YWJsZXQiOnt9LCJtb2JpbGUiOnt9fX0=&#8221; mobile_bg_img_hidden=&#8221;no&#8221; tablet_bg_img_hidden=&#8221;no&#8221; woodmart_parallax=&#8221;0&#8243; woodmart_gradient_switch=&#8221;no&#8221; woodmart_box_shadow=&#8221;no&#8221; wd_z_index=&#8221;no&#8221; woodmart_disable_overflow=&#8221;0&#8243; row_reverse_mobile=&#8221;0&#8243; row_reverse_tablet=&#8221;0&#8243;][vc_column css=&#8221;.vc_custom_1655322181528{padding-top: 275px !important;padding-bottom: 275px !important;}&#8221; woodmart_css_id=&#8221;62aa3642eaf51&#8243; parallax_scroll=&#8221;no&#8221; woodmart_sticky_column=&#8221;false&#8221; wd_collapsible_content_switcher=&#8221;no&#8221; wd_column_role_offcanvas_desktop=&#8221;no&#8221; wd_column_role_offcanvas_tablet=&#8221;no&#8221; wd_column_role_offcanvas_mobile=&#8221;no&#8221; wd_column_role_content_desktop=&#8221;no&#8221; wd_column_role_content_tablet=&#8221;no&#8221; wd_column_role_content_mobile=&#8221;no&#8221; mobile_bg_img_hidden=&#8221;no&#8221; tablet_bg_img_hidden=&#8221;no&#8221; woodmart_parallax=&#8221;0&#8243; woodmart_box_shadow=&#8221;no&#8221; responsive_spacing=&#8221;eyJwYXJhbV90eXBlIjoid29vZG1hcnRfcmVzcG9uc2l2ZV9zcGFjaW5nIiwic2VsZWN0b3JfaWQiOiI2MmFhMzY0MmVhZjUxIiwic2hvcnRjb2RlIjoidmNfY29sdW1uIiwiZGF0YSI6eyJ0YWJsZXQiOnt9LCJtb2JpbGUiOnt9fX0=&#8221; mobile_reset_margin=&#8221;no&#8221; tablet_reset_margin=&#8221;no&#8221; wd_z_index=&#8221;no&#8221; offset=&#8221;vc_hidden-sm vc_hidden-xs&#8221;][\/vc_column][\/vc_row][vc_row full_width=&#8221;stretch_row_content_no_spaces&#8221; woodmart_css_id=&#8221;62a72fead291f&#8221; responsive_spacing=&#8221;eyJwYXJhbV90eXBlIjoid29vZG1hcnRfcmVzcG9uc2l2ZV9zcGFjaW5nIiwic2VsZWN0b3JfaWQiOiI2MmE3MmZlYWQyOTFmIiwic2hvcnRjb2RlIjoidmNfcm93IiwiZGF0YSI6eyJ0YWJsZXQiOnt9LCJtb2JpbGUiOnt9fX0=&#8221; mobile_bg_img_hidden=&#8221;no&#8221; tablet_bg_img_hidden=&#8221;no&#8221; woodmart_parallax=&#8221;0&#8243; woodmart_gradient_switch=&#8221;no&#8221; woodmart_box_shadow=&#8221;no&#8221; wd_z_index=&#8221;no&#8221; woodmart_disable_overflow=&#8221;0&#8243; row_reverse_mobile=&#8221;0&#8243; row_reverse_tablet=&#8221;0&#8243; css=&#8221;.vc_custom_1655123951627{margin-top: 0px !important;padding-top: 0px !important;}&#8221;][vc_column offset=&#8221;vc_hidden-lg vc_hidden-md&#8221; woodmart_css_id=&#8221;62a7300427911&#8243; parallax_scroll=&#8221;no&#8221; woodmart_sticky_column=&#8221;false&#8221; wd_collapsible_content_switcher=&#8221;no&#8221; wd_column_role_offcanvas_desktop=&#8221;no&#8221; wd_column_role_offcanvas_tablet=&#8221;no&#8221; wd_column_role_offcanvas_mobile=&#8221;no&#8221; wd_column_role_content_desktop=&#8221;no&#8221; wd_column_role_content_tablet=&#8221;no&#8221; wd_column_role_content_mobile=&#8221;no&#8221; mobile_bg_img_hidden=&#8221;no&#8221; tablet_bg_img_hidden=&#8221;no&#8221; woodmart_parallax=&#8221;0&#8243; woodmart_box_shadow=&#8221;no&#8221; responsive_spacing=&#8221;eyJwYXJhbV90eXBlIjoid29vZG1hcnRfcmVzcG9uc2l2ZV9zcGFjaW5nIiwic2VsZWN0b3JfaWQiOiI2MmE3MzAwNDI3OTExIiwic2hvcnRjb2RlIjoidmNfY29sdW1uIiwiZGF0YSI6eyJ0YWJsZXQiOnt9LCJtb2JpbGUiOnt9fX0=&#8221; mobile_reset_margin=&#8221;no&#8221; tablet_reset_margin=&#8221;no&#8221; wd_z_index=&#8221;no&#8221; css=&#8221;.vc_custom_1655123988174{margin-top: -40px !important;}&#8221;][vc_single_image image=&#8221;7683&#8243; img_size=&#8221;full&#8221; parallax_scroll=&#8221;no&#8221; woodmart_inline=&#8221;no&#8221;][\/vc_column][\/vc_row][vc_row equal_height=&#8221;yes&#8221; content_placement=&#8221;middle&#8221; woodmart_css_id=&#8221;62a85fb953af8&#8243; responsive_spacing=&#8221;eyJwYXJhbV90eXBlIjoid29vZG1hcnRfcmVzcG9uc2l2ZV9zcGFjaW5nIiwic2VsZWN0b3JfaWQiOiI2MmE4NWZiOTUzYWY4Iiwic2hvcnRjb2RlIjoidmNfcm93IiwiZGF0YSI6eyJ0YWJsZXQiOnt9LCJtb2JpbGUiOnt9fX0=&#8221; mobile_bg_img_hidden=&#8221;no&#8221; tablet_bg_img_hidden=&#8221;no&#8221; woodmart_parallax=&#8221;0&#8243; woodmart_gradient_switch=&#8221;no&#8221; woodmart_box_shadow=&#8221;no&#8221; wd_z_index=&#8221;no&#8221; woodmart_disable_overflow=&#8221;0&#8243; row_reverse_mobile=&#8221;0&#8243; row_reverse_tablet=&#8221;0&#8243;][vc_column width=&#8221;1\/2&#8243;][vc_empty_space height=&#8221;50px&#8221; woodmart_hide_large=&#8221;0&#8243; woodmart_hide_medium=&#8221;1&#8243; woodmart_hide_small=&#8221;1&#8243;][vc_column_text woodmart_inline=&#8221;no&#8221; text_larger=&#8221;no&#8221;]<\/p>\n<h1>Ymagine<\/h1>\n<p>Ymagine on ymp\u00e4rist\u00f6yst\u00e4v\u00e4llinen ja energiaa s\u00e4\u00e4st\u00e4v\u00e4 ter\u00e4slaatu.<br \/>\nSe on kuumavalssattu ter\u00e4slevy, jolla on kylm\u00e4valssatun levyn ominaisuuksia, ja monesti se voikin korvata kylm\u00e4valssatun levyn mm. erinomaisten paksuustoleranssien ansiosta.<\/p>\n<p>Tata Steelill\u00e4 on Ijmuidenissa Hollannissa kuumavalssauslinja, joka tuottaa kuumavalssattua ter\u00e4st\u00e4 aivan uudella tavalla. Kuumavalssauslinja on nimelt\u00e4\u00e4n DSP \u2013 Direct Sheet Plant, ja valmistettavaa materiaalia kutsutaan nimell\u00e4 Ymagine.<\/p>\n<p>Prosessin suurena etuna perinteiseen kuumavalssaukseen n\u00e4hden on se, ett\u00e4 ter\u00e4s valmistetaan sulasta ter\u00e4ksest\u00e4 valmiiksi kelaksi yhdess\u00e4 ja samassa valussa ilman, ett\u00e4 ter\u00e4st\u00e4 tarvitsee l\u00e4mmitt\u00e4\u00e4 uudelleen miss\u00e4\u00e4n vaiheessa prosessia.<br \/>\nSuuri hy\u00f6ty tulee siit\u00e4, ett\u00e4 ter\u00e4ksen tuottamiseen DSP-linjalla kuluu huomattavasti v\u00e4hemm\u00e4n energiaa kuin perinteisell\u00e4 kuumavalssauslinjalla. Toinen DSP-linjan etu on eritt\u00e4in pieni paksuustoleranssi. Toleranssi on jopa pienempi kuin mit\u00e4 tehdas pystyy toimittamaan kylm\u00e4valssauslinjoiltaan.[\/vc_column_text][\/vc_column][vc_column width=&#8221;1\/2&#8243;][vc_single_image image=&#8221;7542&#8243; img_size=&#8221;full&#8221; parallax_scroll=&#8221;no&#8221; woodmart_inline=&#8221;no&#8221;][\/vc_column][\/vc_row][vc_row equal_height=&#8221;yes&#8221; content_placement=&#8221;middle&#8221; woodmart_css_id=&#8221;62a85fb953af8&#8243; responsive_spacing=&#8221;eyJwYXJhbV90eXBlIjoid29vZG1hcnRfcmVzcG9uc2l2ZV9zcGFjaW5nIiwic2VsZWN0b3JfaWQiOiI2MmE4NWZiOTUzYWY4Iiwic2hvcnRjb2RlIjoidmNfcm93IiwiZGF0YSI6eyJ0YWJsZXQiOnt9LCJtb2JpbGUiOnt9fX0=&#8221; mobile_bg_img_hidden=&#8221;no&#8221; tablet_bg_img_hidden=&#8221;no&#8221; woodmart_parallax=&#8221;0&#8243; woodmart_gradient_switch=&#8221;no&#8221; woodmart_box_shadow=&#8221;no&#8221; wd_z_index=&#8221;no&#8221; woodmart_disable_overflow=&#8221;0&#8243; row_reverse_mobile=&#8221;0&#8243; row_reverse_tablet=&#8221;0&#8243;][vc_column][vc_column_text woodmart_inline=&#8221;no&#8221; text_larger=&#8221;no&#8221;]Ymaginella on monia etuja materiaalin sileyden ja tasaisuuden ansiosta, ja se soveltuu hyvin k\u00e4ytett\u00e4v\u00e4ksi monenlaisessa valmistuksessa, esimerkiksi rullamuovauksessa.<\/p>\n<p>Ymagine voi korvata monessa tapauksessa kylm\u00e4valssatun levyn, mutta my\u00f6s kuumavalssatun, jolloin voidaan hy\u00f6dynt\u00e4\u00e4 pient\u00e4 paksuustoleranssia ja hyv\u00e4\u00e4 muovautuvuutta. T\u00e4ll\u00f6in tuotanto on vakaampaa ja siin\u00e4 esiintyy v\u00e4hemm\u00e4n ongelmia.<\/p>\n<p>Ymagine\u00ae-levy\u00e4 valmistetaan vahvuuksissa 1,15\u20133,0 mm.<\/p>\n<div class=\"vc_row wpb_row vc_row-fluid vc_custom_1528802547962\">\n<div class=\"wpb_column vc_column_container vc_col-sm-12\">\n<div class=\"vc_column-inner \">\n<div class=\"wpb_wrapper\">\n<div class=\"vc_empty_space\"><\/div>\n<div class=\"wpb_text_column wpb_content_element \">\n<div class=\"wpb_wrapper\">\n<table border=\"1\" cellspacing=\"0\" cellpadding=\"0\">\n<tbody>\n<tr>\n<td valign=\"bottom\" nowrap=\"nowrap\" width=\"89\"><b>\u00a0<\/b><\/td>\n<td valign=\"bottom\" width=\"77\">\n<p align=\"center\">My\u00f6t\u00f6lujuus Re N\/mm2<\/p>\n<\/td>\n<td valign=\"bottom\" width=\"77\">\n<p align=\"center\">Murtolujuus Rm N\/mm2<\/p>\n<\/td>\n<td valign=\"bottom\" width=\"96\">\n<p align=\"center\">Murtovenym\u00e4 A 80 %<\/p>\n<\/td>\n<td valign=\"bottom\" width=\"128\">\n<p align=\"center\">Vastaava kylm\u00e4vakssattu laatu<\/p>\n<\/td>\n<td valign=\"bottom\" width=\"133\">\n<p align=\"center\">Vastaava Kuumavalssattu laatu<\/p>\n<\/td>\n<\/tr>\n<tr>\n<td valign=\"bottom\" nowrap=\"nowrap\"><strong>Ymagine D1<\/strong><\/td>\n<td valign=\"bottom\" nowrap=\"nowrap\">\n<p align=\"center\">210-360<\/p>\n<\/td>\n<td valign=\"bottom\" nowrap=\"nowrap\">\n<p align=\"center\">332-425<\/p>\n<\/td>\n<td valign=\"bottom\" nowrap=\"nowrap\">\n<p align=\"center\">\u2265 23<\/p>\n<\/td>\n<td valign=\"bottom\" nowrap=\"nowrap\"><\/td>\n<td valign=\"bottom\" nowrap=\"nowrap\">EN 10111:DD11<\/td>\n<\/tr>\n<tr>\n<td valign=\"bottom\" nowrap=\"nowrap\"><strong>Ymagine S1<\/strong><\/td>\n<td valign=\"bottom\" nowrap=\"nowrap\">\n<p align=\"center\">235-360<\/p>\n<\/td>\n<td valign=\"bottom\" nowrap=\"nowrap\">\n<p align=\"center\">360-510<\/p>\n<\/td>\n<td valign=\"bottom\" nowrap=\"nowrap\">\n<p align=\"center\">\u2265 19<\/p>\n<\/td>\n<td valign=\"bottom\" nowrap=\"nowrap\"><\/td>\n<td valign=\"bottom\" nowrap=\"nowrap\">EN 10025-2: S235JO<\/td>\n<\/tr>\n<tr>\n<td valign=\"bottom\" nowrap=\"nowrap\"><strong>Ymagine H240<\/strong><\/td>\n<td valign=\"bottom\" nowrap=\"nowrap\">\n<p align=\"center\">240-310<\/p>\n<\/td>\n<td valign=\"bottom\" nowrap=\"nowrap\">\n<p align=\"center\">340-420<\/p>\n<\/td>\n<td valign=\"bottom\" nowrap=\"nowrap\">\n<p align=\"center\">\u2265 27<\/p>\n<\/td>\n<td valign=\"bottom\" nowrap=\"nowrap\">EN 10268: HC260LA<\/td>\n<td valign=\"bottom\" nowrap=\"nowrap\"><\/td>\n<\/tr>\n<tr>\n<td valign=\"bottom\" nowrap=\"nowrap\"><strong>Ymagine H320<\/strong><\/td>\n<td valign=\"bottom\" nowrap=\"nowrap\">\n<p align=\"center\">320-410<\/p>\n<\/td>\n<td valign=\"bottom\" nowrap=\"nowrap\">\n<p align=\"center\">400-500<\/p>\n<\/td>\n<td valign=\"bottom\" nowrap=\"nowrap\">\n<p align=\"center\">\u2265 22<\/p>\n<\/td>\n<td valign=\"bottom\" nowrap=\"nowrap\">EN 10268: HC340LA<\/td>\n<td valign=\"bottom\" nowrap=\"nowrap\">EN 10149-2: S315MC<\/td>\n<\/tr>\n<tr>\n<td valign=\"bottom\" nowrap=\"nowrap\"><strong>Ymagine H360<\/strong><\/td>\n<td valign=\"bottom\" nowrap=\"nowrap\">\n<p align=\"center\">360-460<\/p>\n<\/td>\n<td valign=\"bottom\" nowrap=\"nowrap\">\n<p align=\"center\">430-550<\/p>\n<\/td>\n<td valign=\"bottom\" nowrap=\"nowrap\">\n<p align=\"center\">\u2265 20<\/p>\n<\/td>\n<td valign=\"bottom\" nowrap=\"nowrap\">EN 10268: HC360LA<\/td>\n<td valign=\"bottom\" nowrap=\"nowrap\">EN 10149-2: S355MC<\/td>\n<\/tr>\n<tr>\n<td valign=\"bottom\" nowrap=\"nowrap\"><strong>Ymagine H420<\/strong><\/td>\n<td valign=\"bottom\" width=\"77\">\n<p align=\"center\">420-500<\/p>\n<\/td>\n<td valign=\"bottom\" width=\"77\">\n<p align=\"center\">480-580<\/p>\n<\/td>\n<td valign=\"bottom\" nowrap=\"nowrap\">\n<p align=\"center\">\u2265 18<\/p>\n<\/td>\n<td valign=\"bottom\" nowrap=\"nowrap\">EN 10268: HC420LA<\/td>\n<td valign=\"bottom\" nowrap=\"nowrap\">EN 10149-2: S420MC<\/td>\n<\/tr>\n<tr>\n<td valign=\"bottom\" nowrap=\"nowrap\"><strong>Ymagine H500<\/strong><\/td>\n<td valign=\"bottom\" nowrap=\"nowrap\">\n<p align=\"center\">500-600<\/p>\n<\/td>\n<td valign=\"bottom\" nowrap=\"nowrap\">\n<p align=\"center\">560-700<\/p>\n<\/td>\n<td valign=\"bottom\" nowrap=\"nowrap\">\n<p align=\"center\">\u2265 14<\/p>\n<\/td>\n<td valign=\"bottom\" nowrap=\"nowrap\"><\/td>\n<td valign=\"bottom\" nowrap=\"nowrap\">EN 10149-2: S500MC<\/td>\n<\/tr>\n<\/tbody>\n<\/table>\n<\/div>\n<\/div>\n<\/div>\n<\/div>\n<\/div>\n<\/div>\n<div class=\"vc_row wpb_row vc_row-fluid\">\n<div class=\"wpb_column vc_column_container vc_col-sm-12\">\n<div class=\"vc_column-inner \">\n<div class=\"wpb_wrapper\"><\/div>\n<\/div>\n<\/div>\n<\/div>\n<p>[\/vc_column_text][\/vc_column][\/vc_row]<\/p>\n<\/div>","protected":false},"excerpt":{"rendered":"<p>[vc_row full_width=&#8221;stretch_row_content_no_spaces&#8221; css=&#8221;.vc_custom_1655322171041{margin-top: -40px !important;background-image: url(https:\/\/gaindustri.se\/wp-content\/uploads\/2022\/06\/huvudbild_ymagine.jpg?id=7662) !important;background-position: center !important;background-repeat: no-repeat !important;background-size: cover !important;}&#8221; woodmart_css_id=&#8221;62aa3638b5a87&#8243; responsive_spacing=&#8221;eyJwYXJhbV90eXBlIjoid29vZG1hcnRfcmVzcG9uc2l2ZV9zcGFjaW5nIiwic2VsZWN0b3JfaWQiOiI2MmFhMzYzOGI1YTg3Iiwic2hvcnRjb2RlIjoidmNfcm93IiwiZGF0YSI6eyJ0YWJsZXQiOnt9LCJtb2JpbGUiOnt9fX0=&#8221; mobile_bg_img_hidden=&#8221;no&#8221; tablet_bg_img_hidden=&#8221;no&#8221; woodmart_parallax=&#8221;0&#8243; woodmart_gradient_switch=&#8221;no&#8221; woodmart_box_shadow=&#8221;no&#8221;<\/p>\n","protected":false},"author":1,"featured_media":8480,"parent":0,"menu_order":0,"comment_status":"closed","ping_status":"closed","template":"","meta":{"iawp_total_views":18,"footnotes":""},"class_list":["post-8707","page","type-page","status-publish","has-post-thumbnail","hentry"],"yoast_head":"<!-- This site is optimized with the Yoast SEO plugin v26.7 - https:\/\/yoast.com\/wordpress\/plugins\/seo\/ -->\n<title>Ymagine - GA Industri AB<\/title>\n<meta name=\"robots\" content=\"index, follow, max-snippet:-1, max-image-preview:large, max-video-preview:-1\" \/>\n<link rel=\"canonical\" href=\"https:\/\/gaindustri.se\/fi\/ymagine\/\" \/>\n<meta property=\"og:locale\" content=\"fi_FI\" \/>\n<meta property=\"og:type\" content=\"article\" \/>\n<meta property=\"og:title\" content=\"Ymagine - GA Industri AB\" \/>\n<meta property=\"og:description\" content=\"[vc_row full_width=&#8221;stretch_row_content_no_spaces&#8221; css=&#8221;.vc_custom_1655322171041{margin-top: -40px !important;background-image: url(https:\/\/gaindustri.se\/wp-content\/uploads\/2022\/06\/huvudbild_ymagine.jpg?id=7662) !important;background-position: center !important;background-repeat: no-repeat !important;background-size: cover !important;}&#8221; woodmart_css_id=&#8221;62aa3638b5a87&#8243; responsive_spacing=&#8221;eyJwYXJhbV90eXBlIjoid29vZG1hcnRfcmVzcG9uc2l2ZV9zcGFjaW5nIiwic2VsZWN0b3JfaWQiOiI2MmFhMzYzOGI1YTg3Iiwic2hvcnRjb2RlIjoidmNfcm93IiwiZGF0YSI6eyJ0YWJsZXQiOnt9LCJtb2JpbGUiOnt9fX0=&#8221; mobile_bg_img_hidden=&#8221;no&#8221; tablet_bg_img_hidden=&#8221;no&#8221; woodmart_parallax=&#8221;0&#8243; woodmart_gradient_switch=&#8221;no&#8221; woodmart_box_shadow=&#8221;no&#8221;\" \/>\n<meta property=\"og:url\" content=\"https:\/\/gaindustri.se\/fi\/ymagine\/\" \/>\n<meta property=\"og:site_name\" content=\"GA Industri AB\" \/>\n<meta property=\"article:publisher\" content=\"https:\/\/www.facebook.com\/GAindustri\/\" \/>\n<meta property=\"article:modified_time\" content=\"2022-08-28T15:10:38+00:00\" \/>\n<meta property=\"og:image\" content=\"https:\/\/gaindustri.se\/wp-content\/uploads\/2022\/06\/mob-huvudbild_ymagine.jpg\" \/>\n\t<meta property=\"og:image:width\" content=\"1000\" \/>\n\t<meta property=\"og:image:height\" content=\"800\" \/>\n\t<meta property=\"og:image:type\" content=\"image\/jpeg\" \/>\n<meta name=\"twitter:card\" content=\"summary_large_image\" \/>\n<meta name=\"twitter:label1\" content=\"Arvioitu lukuaika\" \/>\n\t<meta name=\"twitter:data1\" content=\"5 minuuttia\" \/>\n<script type=\"application\/ld+json\" class=\"yoast-schema-graph\">{\"@context\":\"https:\/\/schema.org\",\"@graph\":[{\"@type\":\"WebPage\",\"@id\":\"https:\/\/gaindustri.se\/fi\/ymagine\/\",\"url\":\"https:\/\/gaindustri.se\/fi\/ymagine\/\",\"name\":\"Ymagine - GA Industri AB\",\"isPartOf\":{\"@id\":\"https:\/\/gaindustri.se\/#website\"},\"primaryImageOfPage\":{\"@id\":\"https:\/\/gaindustri.se\/fi\/ymagine\/#primaryimage\"},\"image\":{\"@id\":\"https:\/\/gaindustri.se\/fi\/ymagine\/#primaryimage\"},\"thumbnailUrl\":\"https:\/\/gaindustri.se\/wp-content\/uploads\/2022\/06\/mob-huvudbild_ymagine.jpg\",\"datePublished\":\"2022-06-14T10:11:26+00:00\",\"dateModified\":\"2022-08-28T15:10:38+00:00\",\"breadcrumb\":{\"@id\":\"https:\/\/gaindustri.se\/fi\/ymagine\/#breadcrumb\"},\"inLanguage\":\"fi\",\"potentialAction\":[{\"@type\":\"ReadAction\",\"target\":[\"https:\/\/gaindustri.se\/fi\/ymagine\/\"]}]},{\"@type\":\"ImageObject\",\"inLanguage\":\"fi\",\"@id\":\"https:\/\/gaindustri.se\/fi\/ymagine\/#primaryimage\",\"url\":\"https:\/\/gaindustri.se\/wp-content\/uploads\/2022\/06\/mob-huvudbild_ymagine.jpg\",\"contentUrl\":\"https:\/\/gaindustri.se\/wp-content\/uploads\/2022\/06\/mob-huvudbild_ymagine.jpg\",\"width\":1000,\"height\":800},{\"@type\":\"BreadcrumbList\",\"@id\":\"https:\/\/gaindustri.se\/fi\/ymagine\/#breadcrumb\",\"itemListElement\":[{\"@type\":\"ListItem\",\"position\":1,\"name\":\"Hem\",\"item\":\"https:\/\/gaindustri.se\/fi\/?page_id=9518\"},{\"@type\":\"ListItem\",\"position\":2,\"name\":\"Ymagine\"}]},{\"@type\":\"WebSite\",\"@id\":\"https:\/\/gaindustri.se\/#website\",\"url\":\"https:\/\/gaindustri.se\/\",\"name\":\"GA Industri AB\",\"description\":\"F\u00f6rser tillverkningsindustrin med tunnpl\u00e5t\",\"publisher\":{\"@id\":\"https:\/\/gaindustri.se\/#organization\"},\"potentialAction\":[{\"@type\":\"SearchAction\",\"target\":{\"@type\":\"EntryPoint\",\"urlTemplate\":\"https:\/\/gaindustri.se\/?s={search_term_string}\"},\"query-input\":{\"@type\":\"PropertyValueSpecification\",\"valueRequired\":true,\"valueName\":\"search_term_string\"}}],\"inLanguage\":\"fi\"},{\"@type\":\"Organization\",\"@id\":\"https:\/\/gaindustri.se\/#organization\",\"name\":\"GA Industri AB\",\"url\":\"https:\/\/gaindustri.se\/\",\"logo\":{\"@type\":\"ImageObject\",\"inLanguage\":\"fi\",\"@id\":\"https:\/\/gaindustri.se\/#\/schema\/logo\/image\/\",\"url\":\"https:\/\/gaindustri.se\/wp-content\/uploads\/2022\/09\/galogo.jpg\",\"contentUrl\":\"https:\/\/gaindustri.se\/wp-content\/uploads\/2022\/09\/galogo.jpg\",\"width\":768,\"height\":768,\"caption\":\"GA Industri AB\"},\"image\":{\"@id\":\"https:\/\/gaindustri.se\/#\/schema\/logo\/image\/\"},\"sameAs\":[\"https:\/\/www.facebook.com\/GAindustri\/\"]}]}<\/script>\n<!-- \/ Yoast SEO plugin. -->","yoast_head_json":{"title":"Ymagine - GA Industri AB","robots":{"index":"index","follow":"follow","max-snippet":"max-snippet:-1","max-image-preview":"max-image-preview:large","max-video-preview":"max-video-preview:-1"},"canonical":"https:\/\/gaindustri.se\/fi\/ymagine\/","og_locale":"fi_FI","og_type":"article","og_title":"Ymagine - GA Industri AB","og_description":"[vc_row full_width=&#8221;stretch_row_content_no_spaces&#8221; css=&#8221;.vc_custom_1655322171041{margin-top: -40px !important;background-image: url(https:\/\/gaindustri.se\/wp-content\/uploads\/2022\/06\/huvudbild_ymagine.jpg?id=7662) !important;background-position: center !important;background-repeat: no-repeat !important;background-size: cover !important;}&#8221; woodmart_css_id=&#8221;62aa3638b5a87&#8243; responsive_spacing=&#8221;eyJwYXJhbV90eXBlIjoid29vZG1hcnRfcmVzcG9uc2l2ZV9zcGFjaW5nIiwic2VsZWN0b3JfaWQiOiI2MmFhMzYzOGI1YTg3Iiwic2hvcnRjb2RlIjoidmNfcm93IiwiZGF0YSI6eyJ0YWJsZXQiOnt9LCJtb2JpbGUiOnt9fX0=&#8221; mobile_bg_img_hidden=&#8221;no&#8221; tablet_bg_img_hidden=&#8221;no&#8221; woodmart_parallax=&#8221;0&#8243; woodmart_gradient_switch=&#8221;no&#8221; woodmart_box_shadow=&#8221;no&#8221;","og_url":"https:\/\/gaindustri.se\/fi\/ymagine\/","og_site_name":"GA Industri AB","article_publisher":"https:\/\/www.facebook.com\/GAindustri\/","article_modified_time":"2022-08-28T15:10:38+00:00","og_image":[{"width":1000,"height":800,"url":"https:\/\/gaindustri.se\/wp-content\/uploads\/2022\/06\/mob-huvudbild_ymagine.jpg","type":"image\/jpeg"}],"twitter_card":"summary_large_image","twitter_misc":{"Arvioitu lukuaika":"5 minuuttia"},"schema":{"@context":"https:\/\/schema.org","@graph":[{"@type":"WebPage","@id":"https:\/\/gaindustri.se\/fi\/ymagine\/","url":"https:\/\/gaindustri.se\/fi\/ymagine\/","name":"Ymagine - GA Industri AB","isPartOf":{"@id":"https:\/\/gaindustri.se\/#website"},"primaryImageOfPage":{"@id":"https:\/\/gaindustri.se\/fi\/ymagine\/#primaryimage"},"image":{"@id":"https:\/\/gaindustri.se\/fi\/ymagine\/#primaryimage"},"thumbnailUrl":"https:\/\/gaindustri.se\/wp-content\/uploads\/2022\/06\/mob-huvudbild_ymagine.jpg","datePublished":"2022-06-14T10:11:26+00:00","dateModified":"2022-08-28T15:10:38+00:00","breadcrumb":{"@id":"https:\/\/gaindustri.se\/fi\/ymagine\/#breadcrumb"},"inLanguage":"fi","potentialAction":[{"@type":"ReadAction","target":["https:\/\/gaindustri.se\/fi\/ymagine\/"]}]},{"@type":"ImageObject","inLanguage":"fi","@id":"https:\/\/gaindustri.se\/fi\/ymagine\/#primaryimage","url":"https:\/\/gaindustri.se\/wp-content\/uploads\/2022\/06\/mob-huvudbild_ymagine.jpg","contentUrl":"https:\/\/gaindustri.se\/wp-content\/uploads\/2022\/06\/mob-huvudbild_ymagine.jpg","width":1000,"height":800},{"@type":"BreadcrumbList","@id":"https:\/\/gaindustri.se\/fi\/ymagine\/#breadcrumb","itemListElement":[{"@type":"ListItem","position":1,"name":"Hem","item":"https:\/\/gaindustri.se\/fi\/?page_id=9518"},{"@type":"ListItem","position":2,"name":"Ymagine"}]},{"@type":"WebSite","@id":"https:\/\/gaindustri.se\/#website","url":"https:\/\/gaindustri.se\/","name":"GA Industri AB","description":"F\u00f6rser tillverkningsindustrin med tunnpl\u00e5t","publisher":{"@id":"https:\/\/gaindustri.se\/#organization"},"potentialAction":[{"@type":"SearchAction","target":{"@type":"EntryPoint","urlTemplate":"https:\/\/gaindustri.se\/?s={search_term_string}"},"query-input":{"@type":"PropertyValueSpecification","valueRequired":true,"valueName":"search_term_string"}}],"inLanguage":"fi"},{"@type":"Organization","@id":"https:\/\/gaindustri.se\/#organization","name":"GA Industri AB","url":"https:\/\/gaindustri.se\/","logo":{"@type":"ImageObject","inLanguage":"fi","@id":"https:\/\/gaindustri.se\/#\/schema\/logo\/image\/","url":"https:\/\/gaindustri.se\/wp-content\/uploads\/2022\/09\/galogo.jpg","contentUrl":"https:\/\/gaindustri.se\/wp-content\/uploads\/2022\/09\/galogo.jpg","width":768,"height":768,"caption":"GA Industri AB"},"image":{"@id":"https:\/\/gaindustri.se\/#\/schema\/logo\/image\/"},"sameAs":["https:\/\/www.facebook.com\/GAindustri\/"]}]}},"_links":{"self":[{"href":"https:\/\/gaindustri.se\/fi\/wp-json\/wp\/v2\/pages\/8707","targetHints":{"allow":["GET"]}}],"collection":[{"href":"https:\/\/gaindustri.se\/fi\/wp-json\/wp\/v2\/pages"}],"about":[{"href":"https:\/\/gaindustri.se\/fi\/wp-json\/wp\/v2\/types\/page"}],"author":[{"embeddable":true,"href":"https:\/\/gaindustri.se\/fi\/wp-json\/wp\/v2\/users\/1"}],"replies":[{"embeddable":true,"href":"https:\/\/gaindustri.se\/fi\/wp-json\/wp\/v2\/comments?post=8707"}],"version-history":[{"count":0,"href":"https:\/\/gaindustri.se\/fi\/wp-json\/wp\/v2\/pages\/8707\/revisions"}],"wp:featuredmedia":[{"embeddable":true,"href":"https:\/\/gaindustri.se\/fi\/wp-json\/wp\/v2\/media\/8480"}],"wp:attachment":[{"href":"https:\/\/gaindustri.se\/fi\/wp-json\/wp\/v2\/media?parent=8707"}],"curies":[{"name":"wp","href":"https:\/\/api.w.org\/{rel}","templated":true}]}}