{"id":8941,"date":"2023-09-05T17:11:37","date_gmt":"2023-09-05T17:11:37","guid":{"rendered":"https:\/\/gaindustri.se\/?page_id=8941"},"modified":"2023-09-07T11:00:11","modified_gmt":"2023-09-07T11:00:11","slug":"ilmiantajan-lomake","status":"publish","type":"page","link":"https:\/\/gaindustri.se\/fi\/ilmiantajan-lomake\/","title":{"rendered":"Ilmiantajan lomake"},"content":{"rendered":"<div class=\"wpb-content-wrapper\"><p>[vc_row full_width=&#8221;stretch_row_content_no_spaces&#8221; woodmart_bg_position=&#8221;left-center&#8221; css=&#8221;.vc_custom_1694077644025{margin-top: -40px !important;background-image: url(https:\/\/gaindustri.se\/wp-content\/uploads\/2023\/09\/GA_v1920x550.jpg?id=8968) !important;background-position: center !important;background-repeat: no-repeat !important;background-size: cover !important;}&#8221; woodmart_css_id=&#8221;64f992b419036&#8243; responsive_spacing=&#8221;eyJwYXJhbV90eXBlIjoid29vZG1hcnRfcmVzcG9uc2l2ZV9zcGFjaW5nIiwic2VsZWN0b3JfaWQiOiI2NGY5OTJiNDE5MDM2Iiwic2hvcnRjb2RlIjoidmNfcm93IiwiZGF0YSI6eyJ0YWJsZXQiOnt9LCJtb2JpbGUiOnt9fX0=&#8221; mobile_bg_img_hidden=&#8221;no&#8221; tablet_bg_img_hidden=&#8221;no&#8221; woodmart_parallax=&#8221;0&#8243; woodmart_gradient_switch=&#8221;no&#8221; woodmart_box_shadow=&#8221;no&#8221; wd_z_index=&#8221;no&#8221; woodmart_disable_overflow=&#8221;0&#8243; row_reverse_mobile=&#8221;0&#8243; row_reverse_tablet=&#8221;0&#8243;][vc_column css=&#8221;.vc_custom_1655321392685{padding-top: 275px !important;padding-bottom: 275px !important;}&#8221; woodmart_css_id=&#8221;62aa332b2a4e8&#8243; parallax_scroll=&#8221;no&#8221; woodmart_sticky_column=&#8221;false&#8221; wd_collapsible_content_switcher=&#8221;no&#8221; wd_column_role_offcanvas_desktop=&#8221;no&#8221; wd_column_role_offcanvas_tablet=&#8221;no&#8221; wd_column_role_offcanvas_mobile=&#8221;no&#8221; wd_column_role_content_desktop=&#8221;no&#8221; wd_column_role_content_tablet=&#8221;no&#8221; wd_column_role_content_mobile=&#8221;no&#8221; mobile_bg_img_hidden=&#8221;no&#8221; tablet_bg_img_hidden=&#8221;no&#8221; woodmart_parallax=&#8221;0&#8243; woodmart_box_shadow=&#8221;no&#8221; responsive_spacing=&#8221;eyJwYXJhbV90eXBlIjoid29vZG1hcnRfcmVzcG9uc2l2ZV9zcGFjaW5nIiwic2VsZWN0b3JfaWQiOiI2MmFhMzMyYjJhNGU4Iiwic2hvcnRjb2RlIjoidmNfY29sdW1uIiwiZGF0YSI6eyJ0YWJsZXQiOnt9LCJtb2JpbGUiOnt9fX0=&#8221; mobile_reset_margin=&#8221;no&#8221; tablet_reset_margin=&#8221;no&#8221; wd_z_index=&#8221;no&#8221; offset=&#8221;vc_hidden-sm vc_hidden-xs&#8221;][\/vc_column][\/vc_row][vc_row full_width=&#8221;stretch_row_content_no_spaces&#8221; woodmart_css_id=&#8221;62a72fead291f&#8221; responsive_spacing=&#8221;eyJwYXJhbV90eXBlIjoid29vZG1hcnRfcmVzcG9uc2l2ZV9zcGFjaW5nIiwic2VsZWN0b3JfaWQiOiI2MmE3MmZlYWQyOTFmIiwic2hvcnRjb2RlIjoidmNfcm93IiwiZGF0YSI6eyJ0YWJsZXQiOnt9LCJtb2JpbGUiOnt9fX0=&#8221; mobile_bg_img_hidden=&#8221;no&#8221; tablet_bg_img_hidden=&#8221;no&#8221; woodmart_parallax=&#8221;0&#8243; woodmart_gradient_switch=&#8221;no&#8221; woodmart_box_shadow=&#8221;no&#8221; wd_z_index=&#8221;no&#8221; woodmart_disable_overflow=&#8221;0&#8243; row_reverse_mobile=&#8221;0&#8243; row_reverse_tablet=&#8221;0&#8243; css=&#8221;.vc_custom_1655123951627{margin-top: 0px !important;padding-top: 0px !important;}&#8221;][vc_column offset=&#8221;vc_hidden-lg vc_hidden-md&#8221; woodmart_css_id=&#8221;62a7300427911&#8243; parallax_scroll=&#8221;no&#8221; woodmart_sticky_column=&#8221;false&#8221; wd_collapsible_content_switcher=&#8221;no&#8221; wd_column_role_offcanvas_desktop=&#8221;no&#8221; wd_column_role_offcanvas_tablet=&#8221;no&#8221; wd_column_role_offcanvas_mobile=&#8221;no&#8221; wd_column_role_content_desktop=&#8221;no&#8221; wd_column_role_content_tablet=&#8221;no&#8221; wd_column_role_content_mobile=&#8221;no&#8221; mobile_bg_img_hidden=&#8221;no&#8221; tablet_bg_img_hidden=&#8221;no&#8221; woodmart_parallax=&#8221;0&#8243; woodmart_box_shadow=&#8221;no&#8221; responsive_spacing=&#8221;eyJwYXJhbV90eXBlIjoid29vZG1hcnRfcmVzcG9uc2l2ZV9zcGFjaW5nIiwic2VsZWN0b3JfaWQiOiI2MmE3MzAwNDI3OTExIiwic2hvcnRjb2RlIjoidmNfY29sdW1uIiwiZGF0YSI6eyJ0YWJsZXQiOnt9LCJtb2JpbGUiOnt9fX0=&#8221; mobile_reset_margin=&#8221;no&#8221; tablet_reset_margin=&#8221;no&#8221; wd_z_index=&#8221;no&#8221; css=&#8221;.vc_custom_1655123988174{margin-top: -40px !important;}&#8221;][vc_single_image image=&#8221;8971&#8243; img_size=&#8221;full&#8221; parallax_scroll=&#8221;no&#8221; woodmart_inline=&#8221;no&#8221;][\/vc_column][\/vc_row][vc_row woodmart_css_id=&#8221;62a85c1c7e4b2&#8243; responsive_spacing=&#8221;eyJwYXJhbV90eXBlIjoid29vZG1hcnRfcmVzcG9uc2l2ZV9zcGFjaW5nIiwic2VsZWN0b3JfaWQiOiI2MmE4NWMxYzdlNGIyIiwic2hvcnRjb2RlIjoidmNfcm93IiwiZGF0YSI6eyJ0YWJsZXQiOnt9LCJtb2JpbGUiOnt9fX0=&#8221; mobile_bg_img_hidden=&#8221;no&#8221; tablet_bg_img_hidden=&#8221;no&#8221; woodmart_parallax=&#8221;0&#8243; woodmart_gradient_switch=&#8221;no&#8221; woodmart_box_shadow=&#8221;no&#8221; wd_z_index=&#8221;no&#8221; woodmart_disable_overflow=&#8221;0&#8243; row_reverse_mobile=&#8221;0&#8243; row_reverse_tablet=&#8221;0&#8243;][vc_column][vc_empty_space height=&#8221;50px&#8221; woodmart_hide_large=&#8221;0&#8243; woodmart_hide_medium=&#8221;1&#8243; woodmart_hide_small=&#8221;1&#8243;][vc_column_text woodmart_inline=&#8221;no&#8221; text_larger=&#8221;no&#8221;]<\/p>\n<h1>Ilmiantajan lomake<\/h1>\n<p>Jos haluat antaa tietoja v\u00e4\u00e4rink\u00e4yt\u00f6ksist\u00e4, jotka ovat vastoin voimassa olevaa lains\u00e4\u00e4d\u00e4nt\u00f6\u00e4, etiikkaa, moraalia tai GA Industrin k\u00e4yt\u00e4nt\u00f6j\u00e4, meill\u00e4 on alla oleva ilmiantajalomake. On t\u00e4rke\u00e4\u00e4, ett\u00e4 kuvailet tapaustasi mahdollisimman selke\u00e4sti ja yksityiskohtaisesti, jotta tapauksesta saadaan k\u00e4sitys.<\/p>\n<p>Saadaksesi palautetta asiastasi, sinun tulee sy\u00f6tt\u00e4\u00e4 s\u00e4hk\u00f6postiosoitteesi, kaikki ilmoitukset vastaanottaa ja tutkii HR, joka k\u00e4sittelee kaikki tiedot nimett\u00f6m\u00e4sti.<\/p>\n<div id=\"quform-df0da7\" class=\"quform quform-3 quform-theme-simple quform-support-page-caching\"><form id=\"quform-form-df0da7\" class=\"quform-form quform-form-3\" action=\"\/fi\/wp-json\/wp\/v2\/pages\/8941#quform-df0da7\" method=\"post\" enctype=\"multipart\/form-data\" novalidate=\"novalidate\" data-options=\"{&quot;id&quot;:3,&quot;uniqueId&quot;:&quot;df0da7&quot;,&quot;theme&quot;:&quot;simple&quot;,&quot;ajax&quot;:true,&quot;logic&quot;:{&quot;logic&quot;:[],&quot;dependents&quot;:[],&quot;elementIds&quot;:[],&quot;dependentElementIds&quot;:[],&quot;animate&quot;:true},&quot;currentPageId&quot;:1,&quot;errorsIcon&quot;:&quot;&quot;,&quot;updateFancybox&quot;:true,&quot;hasPages&quot;:false,&quot;pages&quot;:[1],&quot;pageProgressType&quot;:&quot;numbers&quot;,&quot;tooltipsEnabled&quot;:true,&quot;tooltipClasses&quot;:&quot;qtip-quform-dark qtip-shadow&quot;,&quot;tooltipMy&quot;:&quot;left center&quot;,&quot;tooltipAt&quot;:&quot;right center&quot;,&quot;isRtl&quot;:false,&quot;scrollOffset&quot;:-50,&quot;scrollSpeed&quot;:800}\"><button class=\"quform-default-submit\" name=\"quform_submit\" type=\"submit\" value=\"submit\" aria-hidden=\"true\" tabindex=\"-1\"><\/button><div class=\"quform-form-inner quform-form-inner-3\"><input type=\"hidden\" name=\"quform_form_id\" value=\"3\" \/><input type=\"hidden\" name=\"quform_form_uid\" value=\"df0da7\" \/><input type=\"hidden\" name=\"quform_count\" value=\"1\" \/><input type=\"hidden\" name=\"form_url\" value=\"https:\/\/gaindustri.se\/fi\/wp-json\/wp\/v2\/pages\/8941\" \/><input type=\"hidden\" name=\"referring_url\" value=\"\" \/><input type=\"hidden\" name=\"post_id\" value=\"\" \/><input type=\"hidden\" name=\"post_title\" value=\"\" \/><input type=\"hidden\" name=\"quform_current_page_id\" value=\"1\" \/><input type=\"hidden\" name=\"quform_loaded\" value=\"1776428966|9370516bcf8e7c6ef30e493eeae4f496\" \/><input type=\"hidden\" name=\"quform_csrf_token\" value=\"YNner6Ggwsmq2qwUNzooMEJ2DTjgbGM28Klu44ti\" \/><div class=\"quform-elements quform-elements-3 quform-cf quform-responsive-elements-phone-landscape\"><div class=\"quform-element quform-element-page quform-page-1 quform-page-3_1 quform-cf quform-group-style-plain quform-first-page quform-last-page quform-current-page\"><div class=\"quform-child-elements\"><div class=\"quform-element quform-element-textarea quform-element-3_3 quform-cf quform-element-required\"><div class=\"quform-spacer\"><div class=\"quform-label quform-label-3_3\"><label class=\"quform-label-text\" for=\"quform_3_3_df0da7\">Tapauksen kuvaus<span class=\"quform-required\">*<\/span><\/label><\/div><div class=\"quform-inner quform-inner-textarea quform-inner-3_3\"><div class=\"quform-input quform-input-textarea quform-input-3_3 quform-cf\"><textarea id=\"quform_3_3_df0da7\" name=\"quform_3_3\" class=\"quform-field quform-field-textarea quform-field-3_3\"><\/textarea><\/div><\/div><\/div><\/div><div class=\"quform-element quform-element-textarea quform-element-3_607620 quform-sr-only quform-cf\" style=\"clip: rect(1px, 1px, 1px, 1px); clip-path: inset(50%); position: absolute !important; height: 1px; width: 1px; overflow: hidden;\"><div class=\"quform-spacer\"><div class=\"quform-label quform-label-3_607620\"><label class=\"quform-label-text\" for=\"quform_3_607620_df0da7\">Company Name<span class=\"quform-required\">*<\/span><\/label><\/div><div class=\"quform-inner quform-inner-3_607620\"><textarea id=\"quform_3_607620_df0da7\" name=\"quform_3_607620\" class=\"quform-field quform-field-textarea quform-field-3_607620\" tabindex=\"-1\" autocomplete=\"new-password\"><\/textarea><\/div><\/div><\/div><div class=\"quform-element quform-element-row quform-element-row-3_5 quform-2-columns quform-element-row-size-fixed quform-responsive-columns-phone-landscape\"><div class=\"quform-element quform-element-column quform-element-3_6\"><div class=\"quform-element quform-element-text quform-element-3_4 quform-cf quform-element-optional\"><div class=\"quform-spacer\"><div class=\"quform-label quform-label-3_4\"><label class=\"quform-label-text\" for=\"quform_3_4_df0da7\">Nimi (valinnainen)<\/label><\/div><div class=\"quform-inner quform-inner-text quform-inner-3_4 quform-field-size-fat\"><div class=\"quform-input quform-input-text quform-input-3_4 quform-cf\"><input type=\"text\" id=\"quform_3_4_df0da7\" name=\"quform_3_4\" class=\"quform-field quform-field-text quform-field-3_4\" \/><\/div><\/div><\/div><\/div><\/div><div class=\"quform-element quform-element-column quform-element-3_7\"><div class=\"quform-element quform-element-email quform-element-3_12 quform-cf quform-element-optional\"><div class=\"quform-spacer\"><div class=\"quform-label quform-label-3_12\"><label class=\"quform-label-text\" for=\"quform_3_12_df0da7\">S\u00e4hk\u00f6postiosoite<\/label><\/div><div class=\"quform-inner quform-inner-email quform-inner-3_12 quform-field-size-fat\"><div class=\"quform-input quform-input-email quform-input-3_12 quform-cf\"><input type=\"email\" id=\"quform_3_12_df0da7\" name=\"quform_3_12\" class=\"quform-field quform-field-email quform-field-3_12\" \/><\/div><\/div><\/div><\/div><\/div><\/div><div class=\"quform-element quform-element-row quform-element-row-3_16 quform-2-columns quform-element-row-size-fixed quform-responsive-columns-phone-landscape\"><div class=\"quform-element quform-element-column quform-element-3_17\"><div class=\"quform-element quform-element-captcha quform-element-3_20 quform-cf quform-element-required\"><div class=\"quform-spacer\"><div class=\"quform-label quform-label-3_20\"><label class=\"quform-label-text\" for=\"quform_3_20_df0da7\">Anna merkit<span class=\"quform-required\">*<\/span><\/label><\/div><div class=\"quform-inner quform-inner-captcha quform-inner-3_20 quform-field-size-fat\"><div class=\"quform-input quform-input-captcha quform-input-3_20 quform-cf\"><input type=\"text\" id=\"quform_3_20_df0da7\" name=\"quform_3_20\" class=\"quform-field quform-field-captcha quform-field-3_20\" \/><\/div><div class=\"quform-captcha quform-cf\"><div class=\"quform-captcha-image quform-captcha-image-3_20\"><img loading=\"lazy\" decoding=\"async\" class=\"quform-captcha-image-img\" src=\"data:image\/png;base64,iVBORw0KGgoAAAANSUhEUgAAARgAAABkBAMAAACvNzKxAAAAG1BMVEX\/\/\/8iIiLj4+M9PT1ZWVl0dHSQkJDHx8esrKwEmKZpAAAACXBIWXMAAA7EAAAOxAGVKw4bAAAEjElEQVRoge1YTVfUMBTtZD7apbEz4LIVlFlaBXRpRXBLBxxZUmXApSOis2QQcH62eclLmswHNHPq8XjMXcycpnnpzct9N2k9z8HBwcHBwcHBweFfQvS3CSiQmyT8Uu2Q0ZJx\/iChlB5XyMTz1uju2RJhGyeUo9rMZGzEVdug4EBQoZ1KuXAy7WWCOB5WS2Y9WWJ+oJawP6L0sloyHsnoim1MRsOjiMnNOqX3IqePSvQi+sWYvuaUKl4lhrTMmH6yrRXOkO6zpqoLG5DQBzNt3cMXZsU3mEg+qqsaZKZOw8q5EMpzbuAbL5VtraUJktWoPYBVWplEFZNh2d73vhpN61i4rzTKmU6mxazJhx7hsRZ205+wcbqn5mBWCNjSr9EtbVFIIm1Ef1SqOQBhMqvzHmGkMQRHvmY\/79jVxo\/IswdbgC85ON\/pr0i1hJ8fj1JqlFmiG3U3YhXF8Vy1NeBSWPN+wILDD\/Zk2BhRLgbGZ8ciJT5LUKS6sVV5ZsQxr+kPdMP0qUJb5PaNNZka08KTVAwiWnIksQZqkmjpF4DzvYh3Kfh2b2GMvYHipK1hScTgo36ikckw+WyqRdHX5+7QgbkjsFF6qP\/NHWMNS2LIMg21Qj+fYPXkMvmJZofxfFcxRU75zgIF8Ij7g\/WmB7vBT0q1DWoo1aNrNmcjPy6ifoaX2EVbPIK6ykQWM5nq8sjoKuS1E6mWlrRBPTMpqLJ9WXQRt4zM+BiYix00tj97JbQDWtPDLvY4s0ArIIKSRDYxJs\/UTIAiz8X6NOyPGOIp86L0agrMo90Yj4exXk2KDB5K7MmQhWTAUdWTwNFCKLl9SQZSyaTaMSOO4T8VaZtfgHcBp\/xs5sZFoouapaAdkU9S2kNOn+Rm9TZxUkimZqStDGD+b9KZw9731NybxjwnJMUCr3N3S6d8TZLBKqxZVxPL\/0uYqD4oUtHtPDULRErItLUG3sVSi63J1CGiaXg9t0BKt660JhSs6oi72cr0WJHozJ17aH36qsGUifHuxPfwI0N70nqkk3g+z93e9FjUM8jYHdgvzsa8HnItDk4Q0y+ZskqJkjq5fd+\/muqFZOQGP7Yjw3d9iKhrxZ1La7sW3geQy0\/m1Z1X9OLrEigjttqbhA7Dnm627Hnbp1fippKnzJw\/58AscbKLKp\/yvrLAA2ZnfbPQYpM39Xi2VJoTvD1zqpmdGJlcoCdkpV7ICjw95GR4+aBk63ITigsH9iXXOxweq7095KeZI4+w86PtFwVye0Cfi1oWeajJogVWWFItSSZebKqY5TYWfQ8uV34t6r2Yj3cuBoiQzMsbcDx\/U5FRK5beoUl\/NDh8QVeHYqxX84yoJJ\/RgSTTgP0HhHN2rhx0iElq3fsth3jB4C0k5QPVJmiNjcER\/w\/4A8+NeUHqQYzZYv2alEYT71pobykuBVKoXsId9rUiwya7Pflkd+DfGJ0eLvHuZKDVh98ggUMDNjXbXcy69Re3ahDsbF1ql+IF0v5N6I9AbOW9v00DQW52dj\/e383BwcHBwcHBwcHBwcHBwcHBwcHB4f\/Eb\/GPtvNF7xGhAAAAAElFTkSuQmCC\" alt=\"CAPTCHA image\" data-element-id=\"20\" width=\"140\" height=\"50\" \/><\/div><\/div><p class=\"quform-description quform-description-below\">T\u00e4m\u00e4 auttaa meit\u00e4 est\u00e4m\u00e4\u00e4n roskapostin, kiitos.<\/p><\/div><\/div><\/div><\/div><div class=\"quform-element quform-element-column quform-element-3_18\"><div class=\"quform-element quform-element-checkbox quform-element-3_19 quform-cf quform-element-required\"><div class=\"quform-spacer\"><div class=\"quform-label quform-label-3_19\"><label class=\"quform-label-text\" id=\"quform_3_19_df0da7_label\">GDPR<span class=\"quform-required\">*<\/span><\/label><\/div><div class=\"quform-inner quform-inner-checkbox quform-inner-3_19\"><div class=\"quform-input quform-input-checkbox quform-input-3_19 quform-cf\"><div class=\"quform-options quform-cf quform-options-block quform-options-simple\" role=\"group\" aria-labelledby=\"quform_3_19_df0da7_label\"><div class=\"quform-option\"><input type=\"checkbox\" name=\"quform_3_19[]\" id=\"quform_3_19_df0da7_1\" class=\"quform-field quform-field-checkbox quform-field-3_19 quform-field-3_19_1\" value=\"Hyv\u00e4ksyn\" \/><label for=\"quform_3_19_df0da7_1\" class=\"quform-option-label quform-option-label-3_19_1\"><span class=\"quform-option-text\">Hyv\u00e4ksyn<\/span><\/label><\/div><\/div><\/div><p class=\"quform-description quform-description-below\">L\u00e4hett\u00e4m\u00e4ll\u00e4 ilmoitukseni annan suostumukseni siihen, ett\u00e4 GA Industri k\u00e4sittelee henkil\u00f6tietojani GDPR:n mukaisesti.<\/p><\/div><\/div><\/div><\/div><\/div><div class=\"quform-element quform-element-submit quform-element-3_2 quform-cf quform-button-style-hollow quform-button-size-huge quform-button-width-full\"><div class=\"quform-button-submit quform-button-submit-default quform-button-submit-3_2 quform-button-icon-right\"><button name=\"quform_submit\" type=\"submit\" class=\"quform-submit\" value=\"submit\"><span class=\"quform-button-text quform-button-submit-text\">L\u00e4het\u00e4<\/span><span class=\"quform-button-icon quform-button-submit-icon\"><i class=\"qicon-paper-plane\"><\/i><\/span><\/button><\/div><div class=\"quform-loading quform-loading-position-left quform-loading-type-spinner-1\"><div class=\"quform-loading-inner\"><div class=\"quform-loading-spinner\"><div class=\"quform-loading-spinner-inner\"><\/div><\/div><\/div><\/div><\/div><\/div><\/div><\/div><\/div><\/form><\/div>[\/vc_column_text][\/vc_column][\/vc_row]<\/p>\n<\/div>","protected":false},"excerpt":{"rendered":"<p>[vc_row full_width=&#8221;stretch_row_content_no_spaces&#8221; woodmart_bg_position=&#8221;left-center&#8221; css=&#8221;.vc_custom_1694077644025{margin-top: -40px !important;background-image: url(https:\/\/gaindustri.se\/wp-content\/uploads\/2023\/09\/GA_v1920x550.jpg?id=8968) !important;background-position: center !important;background-repeat: no-repeat !important;background-size: cover !important;}&#8221; woodmart_css_id=&#8221;64f992b419036&#8243; responsive_spacing=&#8221;eyJwYXJhbV90eXBlIjoid29vZG1hcnRfcmVzcG9uc2l2ZV9zcGFjaW5nIiwic2VsZWN0b3JfaWQiOiI2NGY5OTJiNDE5MDM2Iiwic2hvcnRjb2RlIjoidmNfcm93IiwiZGF0YSI6eyJ0YWJsZXQiOnt9LCJtb2JpbGUiOnt9fX0=&#8221; mobile_bg_img_hidden=&#8221;no&#8221; tablet_bg_img_hidden=&#8221;no&#8221; woodmart_parallax=&#8221;0&#8243; woodmart_gradient_switch=&#8221;no&#8221;<\/p>\n","protected":false},"author":1,"featured_media":0,"parent":0,"menu_order":0,"comment_status":"closed","ping_status":"closed","template":"","meta":{"iawp_total_views":8,"footnotes":""},"class_list":["post-8941","page","type-page","status-publish","hentry"],"yoast_head":"<!-- This site is optimized with the Yoast SEO plugin v26.7 - https:\/\/yoast.com\/wordpress\/plugins\/seo\/ -->\n<title>Ilmiantajan lomake - GA Industri AB<\/title>\n<meta name=\"description\" content=\"Jos haluat antaa tietoja v\u00e4\u00e4rink\u00e4yt\u00f6ksist\u00e4, jotka ovat vastoin voimassa olevaa lains\u00e4\u00e4d\u00e4nt\u00f6\u00e4, etiikkaa, moraalia tai GA Industrin k\u00e4yt\u00e4nt\u00f6j\u00e4, meill\u00e4 on alla oleva ilmiantajalomake.\" \/>\n<meta name=\"robots\" content=\"index, follow, max-snippet:-1, max-image-preview:large, max-video-preview:-1\" \/>\n<link rel=\"canonical\" href=\"https:\/\/gaindustri.se\/fi\/ilmiantajan-lomake\/\" \/>\n<meta property=\"og:locale\" content=\"fi_FI\" \/>\n<meta property=\"og:type\" content=\"article\" \/>\n<meta property=\"og:title\" content=\"Ilmiantajan lomake - GA Industri AB\" \/>\n<meta property=\"og:description\" content=\"Jos haluat antaa tietoja v\u00e4\u00e4rink\u00e4yt\u00f6ksist\u00e4, jotka ovat vastoin voimassa olevaa lains\u00e4\u00e4d\u00e4nt\u00f6\u00e4, etiikkaa, moraalia tai GA Industrin k\u00e4yt\u00e4nt\u00f6j\u00e4, meill\u00e4 on alla oleva ilmiantajalomake.\" \/>\n<meta property=\"og:url\" content=\"https:\/\/gaindustri.se\/fi\/ilmiantajan-lomake\/\" \/>\n<meta property=\"og:site_name\" content=\"GA Industri AB\" \/>\n<meta property=\"article:publisher\" content=\"https:\/\/www.facebook.com\/GAindustri\/\" \/>\n<meta property=\"article:modified_time\" content=\"2023-09-07T11:00:11+00:00\" \/>\n<meta name=\"twitter:card\" content=\"summary_large_image\" \/>\n<meta name=\"twitter:label1\" content=\"Arvioitu lukuaika\" \/>\n\t<meta name=\"twitter:data1\" content=\"1 minuutti\" \/>\n<script type=\"application\/ld+json\" class=\"yoast-schema-graph\">{\"@context\":\"https:\/\/schema.org\",\"@graph\":[{\"@type\":\"WebPage\",\"@id\":\"https:\/\/gaindustri.se\/fi\/ilmiantajan-lomake\/\",\"url\":\"https:\/\/gaindustri.se\/fi\/ilmiantajan-lomake\/\",\"name\":\"Ilmiantajan lomake - GA Industri AB\",\"isPartOf\":{\"@id\":\"https:\/\/gaindustri.se\/#website\"},\"datePublished\":\"2023-09-05T17:11:37+00:00\",\"dateModified\":\"2023-09-07T11:00:11+00:00\",\"description\":\"Jos haluat antaa tietoja v\u00e4\u00e4rink\u00e4yt\u00f6ksist\u00e4, jotka ovat vastoin voimassa olevaa lains\u00e4\u00e4d\u00e4nt\u00f6\u00e4, etiikkaa, moraalia tai GA Industrin k\u00e4yt\u00e4nt\u00f6j\u00e4, meill\u00e4 on alla oleva ilmiantajalomake.\",\"breadcrumb\":{\"@id\":\"https:\/\/gaindustri.se\/fi\/ilmiantajan-lomake\/#breadcrumb\"},\"inLanguage\":\"fi\",\"potentialAction\":[{\"@type\":\"ReadAction\",\"target\":[\"https:\/\/gaindustri.se\/fi\/ilmiantajan-lomake\/\"]}]},{\"@type\":\"BreadcrumbList\",\"@id\":\"https:\/\/gaindustri.se\/fi\/ilmiantajan-lomake\/#breadcrumb\",\"itemListElement\":[{\"@type\":\"ListItem\",\"position\":1,\"name\":\"Hem\",\"item\":\"https:\/\/gaindustri.se\/fi\/?page_id=9518\"},{\"@type\":\"ListItem\",\"position\":2,\"name\":\"Ilmiantajan lomake\"}]},{\"@type\":\"WebSite\",\"@id\":\"https:\/\/gaindustri.se\/#website\",\"url\":\"https:\/\/gaindustri.se\/\",\"name\":\"GA Industri AB\",\"description\":\"F\u00f6rser tillverkningsindustrin med tunnpl\u00e5t\",\"publisher\":{\"@id\":\"https:\/\/gaindustri.se\/#organization\"},\"potentialAction\":[{\"@type\":\"SearchAction\",\"target\":{\"@type\":\"EntryPoint\",\"urlTemplate\":\"https:\/\/gaindustri.se\/?s={search_term_string}\"},\"query-input\":{\"@type\":\"PropertyValueSpecification\",\"valueRequired\":true,\"valueName\":\"search_term_string\"}}],\"inLanguage\":\"fi\"},{\"@type\":\"Organization\",\"@id\":\"https:\/\/gaindustri.se\/#organization\",\"name\":\"GA Industri AB\",\"url\":\"https:\/\/gaindustri.se\/\",\"logo\":{\"@type\":\"ImageObject\",\"inLanguage\":\"fi\",\"@id\":\"https:\/\/gaindustri.se\/#\/schema\/logo\/image\/\",\"url\":\"https:\/\/gaindustri.se\/wp-content\/uploads\/2022\/09\/galogo.jpg\",\"contentUrl\":\"https:\/\/gaindustri.se\/wp-content\/uploads\/2022\/09\/galogo.jpg\",\"width\":768,\"height\":768,\"caption\":\"GA Industri AB\"},\"image\":{\"@id\":\"https:\/\/gaindustri.se\/#\/schema\/logo\/image\/\"},\"sameAs\":[\"https:\/\/www.facebook.com\/GAindustri\/\"]}]}<\/script>\n<!-- \/ Yoast SEO plugin. -->","yoast_head_json":{"title":"Ilmiantajan lomake - GA Industri AB","description":"Jos haluat antaa tietoja v\u00e4\u00e4rink\u00e4yt\u00f6ksist\u00e4, jotka ovat vastoin voimassa olevaa lains\u00e4\u00e4d\u00e4nt\u00f6\u00e4, etiikkaa, moraalia tai GA Industrin k\u00e4yt\u00e4nt\u00f6j\u00e4, meill\u00e4 on alla oleva ilmiantajalomake.","robots":{"index":"index","follow":"follow","max-snippet":"max-snippet:-1","max-image-preview":"max-image-preview:large","max-video-preview":"max-video-preview:-1"},"canonical":"https:\/\/gaindustri.se\/fi\/ilmiantajan-lomake\/","og_locale":"fi_FI","og_type":"article","og_title":"Ilmiantajan lomake - GA Industri AB","og_description":"Jos haluat antaa tietoja v\u00e4\u00e4rink\u00e4yt\u00f6ksist\u00e4, jotka ovat vastoin voimassa olevaa lains\u00e4\u00e4d\u00e4nt\u00f6\u00e4, etiikkaa, moraalia tai GA Industrin k\u00e4yt\u00e4nt\u00f6j\u00e4, meill\u00e4 on alla oleva ilmiantajalomake.","og_url":"https:\/\/gaindustri.se\/fi\/ilmiantajan-lomake\/","og_site_name":"GA Industri AB","article_publisher":"https:\/\/www.facebook.com\/GAindustri\/","article_modified_time":"2023-09-07T11:00:11+00:00","twitter_card":"summary_large_image","twitter_misc":{"Arvioitu lukuaika":"1 minuutti"},"schema":{"@context":"https:\/\/schema.org","@graph":[{"@type":"WebPage","@id":"https:\/\/gaindustri.se\/fi\/ilmiantajan-lomake\/","url":"https:\/\/gaindustri.se\/fi\/ilmiantajan-lomake\/","name":"Ilmiantajan lomake - GA Industri AB","isPartOf":{"@id":"https:\/\/gaindustri.se\/#website"},"datePublished":"2023-09-05T17:11:37+00:00","dateModified":"2023-09-07T11:00:11+00:00","description":"Jos haluat antaa tietoja v\u00e4\u00e4rink\u00e4yt\u00f6ksist\u00e4, jotka ovat vastoin voimassa olevaa lains\u00e4\u00e4d\u00e4nt\u00f6\u00e4, etiikkaa, moraalia tai GA Industrin k\u00e4yt\u00e4nt\u00f6j\u00e4, meill\u00e4 on alla oleva ilmiantajalomake.","breadcrumb":{"@id":"https:\/\/gaindustri.se\/fi\/ilmiantajan-lomake\/#breadcrumb"},"inLanguage":"fi","potentialAction":[{"@type":"ReadAction","target":["https:\/\/gaindustri.se\/fi\/ilmiantajan-lomake\/"]}]},{"@type":"BreadcrumbList","@id":"https:\/\/gaindustri.se\/fi\/ilmiantajan-lomake\/#breadcrumb","itemListElement":[{"@type":"ListItem","position":1,"name":"Hem","item":"https:\/\/gaindustri.se\/fi\/?page_id=9518"},{"@type":"ListItem","position":2,"name":"Ilmiantajan lomake"}]},{"@type":"WebSite","@id":"https:\/\/gaindustri.se\/#website","url":"https:\/\/gaindustri.se\/","name":"GA Industri AB","description":"F\u00f6rser tillverkningsindustrin med tunnpl\u00e5t","publisher":{"@id":"https:\/\/gaindustri.se\/#organization"},"potentialAction":[{"@type":"SearchAction","target":{"@type":"EntryPoint","urlTemplate":"https:\/\/gaindustri.se\/?s={search_term_string}"},"query-input":{"@type":"PropertyValueSpecification","valueRequired":true,"valueName":"search_term_string"}}],"inLanguage":"fi"},{"@type":"Organization","@id":"https:\/\/gaindustri.se\/#organization","name":"GA Industri AB","url":"https:\/\/gaindustri.se\/","logo":{"@type":"ImageObject","inLanguage":"fi","@id":"https:\/\/gaindustri.se\/#\/schema\/logo\/image\/","url":"https:\/\/gaindustri.se\/wp-content\/uploads\/2022\/09\/galogo.jpg","contentUrl":"https:\/\/gaindustri.se\/wp-content\/uploads\/2022\/09\/galogo.jpg","width":768,"height":768,"caption":"GA Industri AB"},"image":{"@id":"https:\/\/gaindustri.se\/#\/schema\/logo\/image\/"},"sameAs":["https:\/\/www.facebook.com\/GAindustri\/"]}]}},"_links":{"self":[{"href":"https:\/\/gaindustri.se\/fi\/wp-json\/wp\/v2\/pages\/8941","targetHints":{"allow":["GET"]}}],"collection":[{"href":"https:\/\/gaindustri.se\/fi\/wp-json\/wp\/v2\/pages"}],"about":[{"href":"https:\/\/gaindustri.se\/fi\/wp-json\/wp\/v2\/types\/page"}],"author":[{"embeddable":true,"href":"https:\/\/gaindustri.se\/fi\/wp-json\/wp\/v2\/users\/1"}],"replies":[{"embeddable":true,"href":"https:\/\/gaindustri.se\/fi\/wp-json\/wp\/v2\/comments?post=8941"}],"version-history":[{"count":5,"href":"https:\/\/gaindustri.se\/fi\/wp-json\/wp\/v2\/pages\/8941\/revisions"}],"predecessor-version":[{"id":8984,"href":"https:\/\/gaindustri.se\/fi\/wp-json\/wp\/v2\/pages\/8941\/revisions\/8984"}],"wp:attachment":[{"href":"https:\/\/gaindustri.se\/fi\/wp-json\/wp\/v2\/media?parent=8941"}],"curies":[{"name":"wp","href":"https:\/\/api.w.org\/{rel}","templated":true}]}}